{"id":7524,"date":"2023-01-26T13:43:14","date_gmt":"2023-01-26T12:43:14","guid":{"rendered":"https:\/\/crockpot.se\/registrer\/"},"modified":"2023-01-26T13:43:14","modified_gmt":"2023-01-26T12:43:14","slug":"registrer","status":"publish","type":"page","link":"https:\/\/crockpot.se\/da\/registrer\/","title":{"rendered":"Registrer"},"content":{"rendered":"\n<div class=\"um um-register um-3292\">\n\t<div class=\"um-form\" data-mode=\"register\">\n\t\t<form method=\"post\" action=\"\">\n\t\t\t<div class=\"um-row _um_row_1 \" style=\"margin: 0 0 30px 0;\"><div class=\"um-col-1\"><div  id=\"um_field_3292_user_login\" class=\"um-field um-field-text  um-field-user_login um-field-text um-field-type_text\" data-key=\"user_login\"><div class=\"um-field-label\"><label for=\"user_login-3292\">Username<\/label><div class=\"um-clear\"><\/div><\/div><div class=\"um-field-area\"><input  autocomplete=\"off\" class=\"um-form-field valid \" type=\"text\" name=\"user_login-3292\" id=\"user_login-3292\" value=\"\" placeholder=\"\" data-validate=\"unique_username\" data-key=\"user_login\"  aria-invalid=\"false\" \/>\n\n\t\t\t\t\t\t<\/div><\/div><div  id=\"um_field_3292_first_name\" class=\"um-field um-field-text  um-field-first_name um-field-text um-field-type_text\" data-key=\"first_name\"><div class=\"um-field-label\"><label for=\"first_name-3292\">First Name<\/label><div class=\"um-clear\"><\/div><\/div><div class=\"um-field-area\"><input  autocomplete=\"off\" class=\"um-form-field valid \" type=\"text\" name=\"first_name-3292\" id=\"first_name-3292\" value=\"\" placeholder=\"\" data-validate=\"\" data-key=\"first_name\"  aria-invalid=\"false\" \/>\n\n\t\t\t\t\t\t<\/div><\/div><div  id=\"um_field_3292_last_name\" class=\"um-field um-field-text  um-field-last_name um-field-text um-field-type_text\" data-key=\"last_name\"><div class=\"um-field-label\"><label for=\"last_name-3292\">Last Name<\/label><div class=\"um-clear\"><\/div><\/div><div class=\"um-field-area\"><input  autocomplete=\"off\" class=\"um-form-field valid \" type=\"text\" name=\"last_name-3292\" id=\"last_name-3292\" value=\"\" placeholder=\"\" data-validate=\"\" data-key=\"last_name\"  aria-invalid=\"false\" \/>\n\n\t\t\t\t\t\t<\/div><\/div><div  id=\"um_field_3292_user_email\" class=\"um-field um-field-text  um-field-user_email um-field-text um-field-type_text\" data-key=\"user_email\"><div class=\"um-field-label\"><label for=\"user_email-3292\">E-mail Address<\/label><div class=\"um-clear\"><\/div><\/div><div class=\"um-field-area\"><input  autocomplete=\"off\" class=\"um-form-field valid \" type=\"text\" name=\"user_email-3292\" id=\"user_email-3292\" value=\"\" placeholder=\"\" data-validate=\"unique_email\" data-key=\"user_email\"  aria-invalid=\"false\" \/>\n\n\t\t\t\t\t\t<\/div><\/div><div  id=\"um_field_3292_user_password\" class=\"um-field um-field-password  um-field-user_password um-field-password um-field-type_password\" data-key=\"user_password\"><div class=\"um-field-label\"><label for=\"user_password-3292\">Password<\/label><div class=\"um-clear\"><\/div><\/div><div class=\"um-field-area\"><input class=\"um-form-field valid \" type=\"password\" name=\"user_password-3292\" id=\"user_password-3292\" value=\"\" placeholder=\"\" data-validate=\"\" data-key=\"user_password\"  aria-invalid=\"false\" \/>\n\n\t\t\t\t\t\t\t<\/div><\/div><div  id=\"um_field_3292_confirm_user_password\" class=\"um-field um-field-password  um-field-user_password um-field-password um-field-type_password\" data-key=\"confirm_user_password\"><div class=\"um-field-label\"><label for=\"confirm_user_password-3292\">Confirm Password<\/label><div class=\"um-clear\"><\/div><\/div><div class=\"um-field-area\"><input class=\"um-form-field valid \" type=\"password\" name=\"confirm_user_password-3292\" id=\"confirm_user_password-3292\" value=\"\" placeholder=\"Confirm Password\" data-validate=\"\" data-key=\"confirm_user_password\"  aria-invalid=\"false\" \/><\/div><\/div><\/div><\/div>\n<!-- This file should primarily consist of HTML with a little bit of PHP. -->\n<div class=\"um-field um-field-type_terms_conditions\" data-key=\"use_terms_conditions_agreement\" style=\"display:block;padding:0;\">\n\t<div class=\"um-field-area\">\n\t\t<div class=\"um-gdpr-content\" style=\"display:none;\">\n\t\t\t\n<h1>S\u00e4kerhet och personlig information \u2013 Acreto AB<\/h1>\n<p>Samtycke<\/p>\n<p>I de fall d\u00e5 detta kr\u00e4vs eller \u00e4r l\u00e4mpligt, erh\u00e5ller Acreto samtycke fr\u00e5n kunden innan behandlingen av personuppgifter. Kunden kan exempelvis samtycka genom att l\u00e4sa och godk\u00e4nna k\u00f6peavtal i v\u00e5r webshop eller vid registrering av en reklamation el garanti\u00e4rende i Acreto Servicewebb.<\/p>\n<p>Kunden har r\u00e4tt att \u00e5terkalla ett l\u00e4mnat samtycke och- eller \u00e4ndra l\u00e4mnade uppgifter. Acreto kommer i dessa fall att \u00e4ndra uppgifterna eller avidentifiera, om samtycke \u00e4r en f\u00f6ruts\u00e4ttning f\u00f6r behandling av personuppgifterna.<\/p>\n<h2>S\u00e4kerhet&nbsp;<\/h2>\n<p>Acreto v\u00e4rnar om den personliga integriteten.<\/p>\n<p>De uppgifter som anf\u00f6rtros Acreto AB behandlas p\u00e5 ett betryggande s\u00e4tt. Endast anst\u00e4llda personer med beh\u00f6righet har tillg\u00e5ng till uppgifterna och skydd finns f\u00f6r b\u00e5de intr\u00e5ng och f\u00f6rst\u00f6ring av uppgifterna.<\/p>\n<p>Acreto behandlar personuppgifter endast f\u00f6r s\u00e4rskilda och uttryckligt angivna \u00e4ndam\u00e5l. Exempelvis behandlas uppgifterna f\u00f6r att p\u00e5 kundens egen beg\u00e4ran fullf\u00f6lja en best\u00e4llning\/order alternativt hantering av reklamations- och garanti\u00e4renden som kunden\/anv\u00e4ndaren sj\u00e4lv registrerat hos oss. Personuppgifter anv\u00e4nds f\u00f6r reklam och markandsutskick, endast d\u00e5 samtycke finns, f\u00f6r att kunna l\u00e4mna kunden\/anv\u00e4ndaren b\u00e4ttre service och personligare erbjudanden.<\/p>\n<h2>Behandling av personuppgifter<\/h2>\n<p>Alla registrerade kunder\/anv\u00e4ndare ska k\u00e4nna sig trygga n\u00e4r de anf\u00f6rtror Acreto sina personuppgifter. &nbsp;Acreto f\u00f6ljer lagar f\u00f6r att skydda den personliga integriteten.<\/p>\n<h2>S\u00e5 skyddar vi personuppgifter<\/h2>\n<p>GDPR(General Data Protection Regulation)som ers\u00e4tter PuL(25\/5 2018) syftar till att skydda persondata f\u00f6r EU-medborgare. Lagen g\u00e4ller f\u00f6r behandling av personuppgifter inom hela EU och f\u00f6r all verksamhet som bedrivs, myndigheter, f\u00f6retag och enskilda individer.<\/p>\n<p>Dina personuppgifter \u00e4r alltid skyddade hos Acreto AB. Vi prioriterar alltid skyddet av all information du anf\u00f6rtror oss och f\u00f6ljer naturligtvis de lagar och regler som finns tex&nbsp;Dataskyddsf\u00f6rordningen(GDPR) och regler om banksekretess mm f\u00f6r att skydda din integritet. Endast personer med beh\u00f6righet har tillg\u00e5ng till informationen.<\/p>\n<p>Uppgifter som beh\u00f6vs f\u00f6r att Acreto AB, genom reklam eller p\u00e5 andra s\u00e4tt ska kunna l\u00e4mna mer personliga erbjudanden och\/eller b\u00e4ttre service f\u00f6reg\u00e5s av ett samtycke.<\/p>\n<p>Du kan naturligtvis f\u00e5 information om vilka uppgifter om dig som Acreto behandlar, i form av en&nbsp;<em>kopia<\/em>&nbsp;och \u00e4ven beg\u00e4ra att uppgifter&nbsp;<em>tas bort eller \u00e4ndras<\/em>, om de skulle visa sig vara felaktiga eller ofullst\u00e4ndiga. Du kan \u00e4ven beg\u00e4ra att dina uppgifter inte ska behandlas och d\u00e4rmed bli&nbsp;<em>\u201dbortgl\u00f6md\u201d<\/em>&nbsp;ur v\u00e5ra system om f\u00f6ruts\u00e4ttningen f\u00f6r behandlingen inte ligger tillgrund f\u00f6r en ekonomisk transaktion d\u00e4r bokf\u00f6ringslagen i vissa fall styr.<\/p>\n<p>Referens: GDPR \u2013 Dataskyddsf\u00f6rordningen, 2016:679<\/p>\n\t\t<\/div>\n\t\t<a href=\"javascript:void(0);\" class=\"um-toggle-gdpr\" data-toggle-state=\"hidden\"\n\t\t\tdata-toggle-show=\"Visa integritetspolicy\"\n\t\t\tdata-toggle-hide=\"D\u00f6lj integritetspolicy\">\n\t\t\tVisa integritetspolicy\t\t<\/a>\n\t<\/div>\n\t<div class=\"um-field-area\">\n\t\t<label class=\"um-field-checkbox\">\n\t\t\t<input type=\"checkbox\" name=\"use_gdpr_agreement\" value=\"1\">\n\t\t\t<span class=\"um-field-checkbox-state\"><i class=\"um-icon-android-checkbox-outline-blank\"><\/i><\/span>\n\t\t\t<span class=\"um-field-checkbox-option\">Bekr\u00e4fta att du godk\u00e4nner v\u00e5r integritetspolicy<\/span>\n\t\t<\/label>\n\t\t<div class=\"um-clear\"><\/div>\n\t\t\t\t<div class=\"um-clear\"><\/div>\n\t<\/div>\n<\/div>\n\t<input type=\"hidden\" name=\"form_id\" id=\"form_id_3292\" value=\"3292\" \/>\n\t\t<p class=\"um_request_name\">\n\t\t<label for=\"um_request_3292\">Only fill in if you are not human<\/label>\n\t\t<input type=\"hidden\" name=\"um_request\" id=\"um_request_3292\" class=\"input\" value=\"\" size=\"25\" autocomplete=\"off\" \/>\n\t<\/p>\n\t<input type=\"hidden\" id=\"_wpnonce\" name=\"_wpnonce\" value=\"183396f2f7\" \/><input type=\"hidden\" name=\"_wp_http_referer\" value=\"\/da\/wp-json\/wp\/v2\/pages\/7524\" \/>\n<div class=\"g-recaptcha\" id=\"um-3292\" data-mode=\"register\"><\/div>\n\n\n\t<div class=\"um-col-alt\">\n\n\t\t\n\t\t\t<div class=\"um-left um-half\">\n\t\t\t\t<input type=\"submit\" value=\"Registrera\" class=\"um-button\" id=\"um-submit-btn\" \/>\n\t\t\t<\/div>\n\t\t\t<div class=\"um-right um-half\">\n\t\t\t\t<a href=\"https:\/\/crockpot.se\/da\/log-ind\/\" class=\"um-button um-alt\">\n\t\t\t\t\tLogga in\t\t\t\t<\/a>\n\t\t\t<\/div>\n\n\t\t\n\t\t<div class=\"um-clear\"><\/div>\n\n\t<\/div>\n\n\t\t\t<\/form>\n\t<\/div>\n<\/div>\n<style>\n\t\t\t.um-3292.um {\n\t\t\tmax-width: 450px;\n\t\t}\n\t\t<\/style>\n\n","protected":false},"excerpt":{"rendered":"","protected":false},"author":7188,"featured_media":0,"parent":0,"menu_order":0,"comment_status":"closed","ping_status":"closed","template":"","meta":{"_acf_changed":false,"footnotes":""},"class_list":["post-7524","page","type-page","status-publish","hentry"],"acf":[],"_links":{"self":[{"href":"https:\/\/crockpot.se\/da\/wp-json\/wp\/v2\/pages\/7524","targetHints":{"allow":["GET"]}}],"collection":[{"href":"https:\/\/crockpot.se\/da\/wp-json\/wp\/v2\/pages"}],"about":[{"href":"https:\/\/crockpot.se\/da\/wp-json\/wp\/v2\/types\/page"}],"author":[{"embeddable":true,"href":"https:\/\/crockpot.se\/da\/wp-json\/wp\/v2\/users\/7188"}],"replies":[{"embeddable":true,"href":"https:\/\/crockpot.se\/da\/wp-json\/wp\/v2\/comments?post=7524"}],"version-history":[{"count":0,"href":"https:\/\/crockpot.se\/da\/wp-json\/wp\/v2\/pages\/7524\/revisions"}],"wp:attachment":[{"href":"https:\/\/crockpot.se\/da\/wp-json\/wp\/v2\/media?parent=7524"}],"curies":[{"name":"wp","href":"https:\/\/api.w.org\/{rel}","templated":true}]}}