{"id":7583,"date":"2023-01-10T11:52:09","date_gmt":"2023-01-10T10:52:09","guid":{"rendered":"https:\/\/crockpot.se\/crockpot-multicooker-56l-express-plus\/"},"modified":"2024-01-11T11:42:11","modified_gmt":"2024-01-11T10:42:11","slug":"crockpot-multicooker-56l-express-plus","status":"publish","type":"product","link":"https:\/\/crockpot.se\/da\/crockpot-multicooker-56l-express-plus\/","title":{"rendered":"Crockpot Multicooker 5,6l Express Plus"},"content":{"rendered":"","protected":false},"excerpt":{"rendered":"<h3>Crockpot Express Multicooker tilbereder op til 70 % hurtigere end traditionel madlavning. Skab madfred uden at spilde kostbar tid.<\/h3>\n<p>Denne multifunktionelle Crockpot-trykkoger har 8 forudindstillede funktioner, der g\u00f8r det nemt at tilberede det, du \u00f8nsker &#8211; alt sammen med et enkelt tryk p\u00e5 en knap. Ud over tryktilberedning er der ogs\u00e5 funktioner til brygning og langtidsstegning. Kogegrejets non-stick-bel\u00e6gning g\u00f8r det nemt at reng\u00f8re, og det er hurtigt klar til det n\u00e6ste m\u00e5ltid. Plus-modellen leveres ogs\u00e5 med et par ekstra tilbeh\u00f8r, f.eks. netkurve og t\u00e6nger.<\/p>\n","protected":false},"featured_media":3602,"comment_status":"open","ping_status":"closed","template":"","meta":{"_acf_changed":false},"product_brand":[],"product_cat":[2856,1590,1581,1587],"product_tag":[],"class_list":{"0":"post-7583","1":"product","2":"type-product","3":"status-publish","4":"has-post-thumbnail","6":"product_cat-tilbud-pa-sportsferie","7":"product_cat-damp-madlavning","8":"product_cat-slowcookers","9":"product_cat-trykkoger","11":"first","12":"instock","13":"featured","14":"shipping-taxable","15":"product-type-external"},"acf":[],"_links":{"self":[{"href":"https:\/\/crockpot.se\/da\/wp-json\/wp\/v2\/product\/7583","targetHints":{"allow":["GET"]}}],"collection":[{"href":"https:\/\/crockpot.se\/da\/wp-json\/wp\/v2\/product"}],"about":[{"href":"https:\/\/crockpot.se\/da\/wp-json\/wp\/v2\/types\/product"}],"replies":[{"embeddable":true,"href":"https:\/\/crockpot.se\/da\/wp-json\/wp\/v2\/comments?post=7583"}],"wp:featuredmedia":[{"embeddable":true,"href":"https:\/\/crockpot.se\/da\/wp-json\/wp\/v2\/media\/3602"}],"wp:attachment":[{"href":"https:\/\/crockpot.se\/da\/wp-json\/wp\/v2\/media?parent=7583"}],"wp:term":[{"taxonomy":"product_brand","embeddable":true,"href":"https:\/\/crockpot.se\/da\/wp-json\/wp\/v2\/product_brand?post=7583"},{"taxonomy":"product_cat","embeddable":true,"href":"https:\/\/crockpot.se\/da\/wp-json\/wp\/v2\/product_cat?post=7583"},{"taxonomy":"product_tag","embeddable":true,"href":"https:\/\/crockpot.se\/da\/wp-json\/wp\/v2\/product_tag?post=7583"}],"curies":[{"name":"wp","href":"https:\/\/api.w.org\/{rel}","templated":true}]}}