{"id":7584,"date":"2023-01-10T10:54:29","date_gmt":"2023-01-10T09:54:29","guid":{"rendered":"https:\/\/crockpot.se\/crockpot-slowcooker-47l\/"},"modified":"2023-03-06T09:38:04","modified_gmt":"2023-03-06T08:38:04","slug":"gryderet-slowcooker-47l","status":"publish","type":"product","link":"https:\/\/crockpot.se\/da\/gryderet-slowcooker-47l\/","title":{"rendered":"Crockpot Slowcooker 4,7L"},"content":{"rendered":"","protected":false},"excerpt":{"rendered":"<h3>Hvad med en solid gryderet, der koger sig selv, mens du laver noget andet?<\/h3>\n<p>Med en Crockpot slow cooker kan du lave et vidunderligt kalvek\u00f8d eller pulled beef, der er klar, n\u00e5r du kommer hjem. N\u00e5r kogetiden er slut, skifter Crockpot til varmetilstand. Den aftagelige keramiske gryde kan ogs\u00e5 bruges i ovnen og mikrob\u00f8lgeovnen uden l\u00e5g og kan vaskes i maskinen.<\/p>\n","protected":false},"featured_media":3581,"comment_status":"open","ping_status":"closed","template":"","meta":{"_acf_changed":false},"product_brand":[],"product_cat":[2856,1581],"product_tag":[],"class_list":{"0":"post-7584","1":"product","2":"type-product","3":"status-publish","4":"has-post-thumbnail","6":"product_cat-tilbud-pa-sportsferie","7":"product_cat-slowcookers","9":"first","10":"instock","11":"shipping-taxable","12":"product-type-external"},"acf":[],"_links":{"self":[{"href":"https:\/\/crockpot.se\/da\/wp-json\/wp\/v2\/product\/7584","targetHints":{"allow":["GET"]}}],"collection":[{"href":"https:\/\/crockpot.se\/da\/wp-json\/wp\/v2\/product"}],"about":[{"href":"https:\/\/crockpot.se\/da\/wp-json\/wp\/v2\/types\/product"}],"replies":[{"embeddable":true,"href":"https:\/\/crockpot.se\/da\/wp-json\/wp\/v2\/comments?post=7584"}],"wp:featuredmedia":[{"embeddable":true,"href":"https:\/\/crockpot.se\/da\/wp-json\/wp\/v2\/media\/3581"}],"wp:attachment":[{"href":"https:\/\/crockpot.se\/da\/wp-json\/wp\/v2\/media?parent=7584"}],"wp:term":[{"taxonomy":"product_brand","embeddable":true,"href":"https:\/\/crockpot.se\/da\/wp-json\/wp\/v2\/product_brand?post=7584"},{"taxonomy":"product_cat","embeddable":true,"href":"https:\/\/crockpot.se\/da\/wp-json\/wp\/v2\/product_cat?post=7584"},{"taxonomy":"product_tag","embeddable":true,"href":"https:\/\/crockpot.se\/da\/wp-json\/wp\/v2\/product_tag?post=7584"}],"curies":[{"name":"wp","href":"https:\/\/api.w.org\/{rel}","templated":true}]}}