{"id":7591,"date":"2023-01-10T10:59:53","date_gmt":"2023-01-10T09:59:53","guid":{"rendered":"https:\/\/crockpot.se\/crockpot-slowcooker-4-7l-ledat-laag\/"},"modified":"2023-01-10T10:59:53","modified_gmt":"2023-01-10T09:59:53","slug":"crockpot-slowcooker-47l-ledat-lock","status":"publish","type":"product","link":"https:\/\/crockpot.se\/da\/crockpot-slowcooker-47l-ledat-lock\/","title":{"rendered":"Crockpot Slowcooker 4.7L Ledat l\u00e5g"},"content":{"rendered":"","protected":false},"excerpt":{"rendered":"<h3>Crockpot Slowcooker 4,7L, med et smart h\u00e6ngsel p\u00e5 l\u00e5get, der g\u00f8r det nemt at servere.<\/h3>\n<p>Med Crockpot slow cookeren kan du lave en vidunderlig kalve- eller k\u00f8dsovs, der er klar, n\u00e5r du kommer hjem. N\u00e5r kogetiden er slut, skifter Crockpot til varmetilstand. St\u00f8rrelsen passer til 4-6 personer, og det smarte h\u00e6ngsel holder l\u00e5get \u00e5bent ved servering.<\/p>\n","protected":false},"featured_media":3584,"comment_status":"open","ping_status":"closed","template":"","meta":{"_acf_changed":false},"product_brand":[],"product_cat":[1581],"product_tag":[],"class_list":{"0":"post-7591","1":"product","2":"type-product","3":"status-publish","4":"has-post-thumbnail","6":"product_cat-slowcookers","8":"first","9":"instock","10":"shipping-taxable","11":"product-type-external"},"acf":[],"_links":{"self":[{"href":"https:\/\/crockpot.se\/da\/wp-json\/wp\/v2\/product\/7591","targetHints":{"allow":["GET"]}}],"collection":[{"href":"https:\/\/crockpot.se\/da\/wp-json\/wp\/v2\/product"}],"about":[{"href":"https:\/\/crockpot.se\/da\/wp-json\/wp\/v2\/types\/product"}],"replies":[{"embeddable":true,"href":"https:\/\/crockpot.se\/da\/wp-json\/wp\/v2\/comments?post=7591"}],"wp:featuredmedia":[{"embeddable":true,"href":"https:\/\/crockpot.se\/da\/wp-json\/wp\/v2\/media\/3584"}],"wp:attachment":[{"href":"https:\/\/crockpot.se\/da\/wp-json\/wp\/v2\/media?parent=7591"}],"wp:term":[{"taxonomy":"product_brand","embeddable":true,"href":"https:\/\/crockpot.se\/da\/wp-json\/wp\/v2\/product_brand?post=7591"},{"taxonomy":"product_cat","embeddable":true,"href":"https:\/\/crockpot.se\/da\/wp-json\/wp\/v2\/product_cat?post=7591"},{"taxonomy":"product_tag","embeddable":true,"href":"https:\/\/crockpot.se\/da\/wp-json\/wp\/v2\/product_tag?post=7591"}],"curies":[{"name":"wp","href":"https:\/\/api.w.org\/{rel}","templated":true}]}}