{"id":8432,"date":"2023-01-30T15:43:26","date_gmt":"2023-01-30T14:43:26","guid":{"rendered":"https:\/\/crockpot.se\/laheta-resepteja\/"},"modified":"2023-02-06T16:03:13","modified_gmt":"2023-02-06T15:03:13","slug":"laheta-resepteja","status":"publish","type":"page","link":"https:\/\/crockpot.se\/fi\/laheta-resepteja\/","title":{"rendered":"L\u00e4het\u00e4 reseptej\u00e4"},"content":{"rendered":"","protected":false},"excerpt":{"rendered":"","protected":false},"author":7188,"featured_media":0,"parent":0,"menu_order":0,"comment_status":"closed","ping_status":"closed","template":"template-send-in-recipe.php","meta":{"_acf_changed":false,"footnotes":""},"class_list":["post-8432","page","type-page","status-publish","hentry"],"acf":[],"_links":{"self":[{"href":"https:\/\/crockpot.se\/fi\/wp-json\/wp\/v2\/pages\/8432","targetHints":{"allow":["GET"]}}],"collection":[{"href":"https:\/\/crockpot.se\/fi\/wp-json\/wp\/v2\/pages"}],"about":[{"href":"https:\/\/crockpot.se\/fi\/wp-json\/wp\/v2\/types\/page"}],"author":[{"embeddable":true,"href":"https:\/\/crockpot.se\/fi\/wp-json\/wp\/v2\/users\/7188"}],"replies":[{"embeddable":true,"href":"https:\/\/crockpot.se\/fi\/wp-json\/wp\/v2\/comments?post=8432"}],"version-history":[{"count":1,"href":"https:\/\/crockpot.se\/fi\/wp-json\/wp\/v2\/pages\/8432\/revisions"}],"predecessor-version":[{"id":8433,"href":"https:\/\/crockpot.se\/fi\/wp-json\/wp\/v2\/pages\/8432\/revisions\/8433"}],"wp:attachment":[{"href":"https:\/\/crockpot.se\/fi\/wp-json\/wp\/v2\/media?parent=8432"}],"curies":[{"name":"wp","href":"https:\/\/api.w.org\/{rel}","templated":true}]}}