{"id":7550,"date":"2023-01-10T11:17:35","date_gmt":"2023-01-10T10:17:35","guid":{"rendered":"https:\/\/crockpot.se\/crockpot-hidasliesi-56l-monikayttoinen\/"},"modified":"2026-04-07T09:50:00","modified_gmt":"2026-04-07T07:50:00","slug":"kattila-hidas-keitin-56l-monitoiminen","status":"publish","type":"product","link":"https:\/\/crockpot.se\/fi\/kattila-hidas-keitin-56l-monitoiminen\/","title":{"rendered":"Crockpot hidasliesi 5,6L monik\u00e4ytt\u00f6inen"},"content":{"rendered":"","protected":false},"excerpt":{"rendered":"<h3>&#8220;All in one&#8221; -hidas liesi, jolla voit h\u00f6yrytt\u00e4\u00e4, ruskistaa ja keitt\u00e4\u00e4 riisi\u00e4.<\/h3>\n<p>Jos sinulla ei ole omaa keitti\u00f6t\u00e4, sinulla on l\u00e4hes kaikki ruoanlaittoon tarvittava yhdess\u00e4 Crockpotissa. Kapasiteetti on sopiva 6-7 hengelle. Sis\u00e4astia on valmistettu alumiinista, jossa on myrkyt\u00f6n, tarttumaton pinnoite, ja kansi on lasia.<\/p>\n","protected":false},"featured_media":3597,"comment_status":"open","ping_status":"closed","template":"","meta":{"_acf_changed":false},"product_brand":[],"product_cat":[1580,2857],"product_tag":[],"class_list":{"0":"post-7550","1":"product","2":"type-product","3":"status-publish","4":"has-post-thumbnail","6":"product_cat-slowcookers","7":"product_cat-urheilulomatarjoukset","9":"first","10":"instock","11":"shipping-taxable","12":"product-type-external"},"acf":[],"_links":{"self":[{"href":"https:\/\/crockpot.se\/fi\/wp-json\/wp\/v2\/product\/7550","targetHints":{"allow":["GET"]}}],"collection":[{"href":"https:\/\/crockpot.se\/fi\/wp-json\/wp\/v2\/product"}],"about":[{"href":"https:\/\/crockpot.se\/fi\/wp-json\/wp\/v2\/types\/product"}],"replies":[{"embeddable":true,"href":"https:\/\/crockpot.se\/fi\/wp-json\/wp\/v2\/comments?post=7550"}],"wp:featuredmedia":[{"embeddable":true,"href":"https:\/\/crockpot.se\/fi\/wp-json\/wp\/v2\/media\/3597"}],"wp:attachment":[{"href":"https:\/\/crockpot.se\/fi\/wp-json\/wp\/v2\/media?parent=7550"}],"wp:term":[{"taxonomy":"product_brand","embeddable":true,"href":"https:\/\/crockpot.se\/fi\/wp-json\/wp\/v2\/product_brand?post=7550"},{"taxonomy":"product_cat","embeddable":true,"href":"https:\/\/crockpot.se\/fi\/wp-json\/wp\/v2\/product_cat?post=7550"},{"taxonomy":"product_tag","embeddable":true,"href":"https:\/\/crockpot.se\/fi\/wp-json\/wp\/v2\/product_tag?post=7550"}],"curies":[{"name":"wp","href":"https:\/\/api.w.org\/{rel}","templated":true}]}}