{"id":7559,"date":"2023-01-10T11:52:09","date_gmt":"2023-01-10T10:52:09","guid":{"rendered":"https:\/\/crockpot.se\/crockpot-multicooker-56l-express-plus-monitoimikeitin\/"},"modified":"2024-01-11T11:42:12","modified_gmt":"2024-01-11T10:42:12","slug":"crockpot-multicooker-56l-express-plus-pannu","status":"publish","type":"product","link":"https:\/\/crockpot.se\/fi\/crockpot-multicooker-56l-express-plus-pannu\/","title":{"rendered":"Crockpot Multicooker 5,6l Express Plus -monitoimikeitin"},"content":{"rendered":"","protected":false},"excerpt":{"rendered":"<h3>Crockpot Express Multicooker kypsent\u00e4\u00e4 jopa 70 % nopeammin kuin perinteinen ruoanlaitto. Luo ruokarauha tuhlaamatta arvokasta aikaa.<\/h3>\n<p>T\u00e4ss\u00e4 monik\u00e4ytt\u00f6isess\u00e4 Crockpot-painekattilassa on 8 esiasetettua toimintoa, joiden avulla on helppo valmistaa haluamasi ruoat &#8211; kaikki yhdell\u00e4 napin painalluksella. Painekypsennyksen lis\u00e4ksi k\u00e4yt\u00f6ss\u00e4 on my\u00f6s haudutus- ja hidaskypsennystoiminnot. Keittoastian tarttumaton pinnoite tekee siit\u00e4 helposti puhdistettavan, ja se on pian valmis seuraavaa ateriaa varten. Plus-mallissa on my\u00f6s muutama lis\u00e4varuste, kuten verkkokorit ja pihdit.<\/p>\n","protected":false},"featured_media":3603,"comment_status":"open","ping_status":"closed","template":"","meta":{"_acf_changed":false},"product_brand":[],"product_cat":[2857,1589,1586,1580],"product_tag":[],"class_list":{"0":"post-7559","1":"product","2":"type-product","3":"status-publish","4":"has-post-thumbnail","6":"product_cat-urheilulomatarjoukset","7":"product_cat-hoyrykeitto","8":"product_cat-painekattila","9":"product_cat-slowcookers","11":"first","12":"instock","13":"featured","14":"shipping-taxable","15":"product-type-external"},"acf":[],"_links":{"self":[{"href":"https:\/\/crockpot.se\/fi\/wp-json\/wp\/v2\/product\/7559","targetHints":{"allow":["GET"]}}],"collection":[{"href":"https:\/\/crockpot.se\/fi\/wp-json\/wp\/v2\/product"}],"about":[{"href":"https:\/\/crockpot.se\/fi\/wp-json\/wp\/v2\/types\/product"}],"replies":[{"embeddable":true,"href":"https:\/\/crockpot.se\/fi\/wp-json\/wp\/v2\/comments?post=7559"}],"wp:featuredmedia":[{"embeddable":true,"href":"https:\/\/crockpot.se\/fi\/wp-json\/wp\/v2\/media\/3603"}],"wp:attachment":[{"href":"https:\/\/crockpot.se\/fi\/wp-json\/wp\/v2\/media?parent=7559"}],"wp:term":[{"taxonomy":"product_brand","embeddable":true,"href":"https:\/\/crockpot.se\/fi\/wp-json\/wp\/v2\/product_brand?post=7559"},{"taxonomy":"product_cat","embeddable":true,"href":"https:\/\/crockpot.se\/fi\/wp-json\/wp\/v2\/product_cat?post=7559"},{"taxonomy":"product_tag","embeddable":true,"href":"https:\/\/crockpot.se\/fi\/wp-json\/wp\/v2\/product_tag?post=7559"}],"curies":[{"name":"wp","href":"https:\/\/api.w.org\/{rel}","templated":true}]}}