{"id":7575,"date":"2023-01-10T14:10:31","date_gmt":"2023-01-10T13:10:31","guid":{"rendered":"https:\/\/crockpot.se\/crockpot-hidasliesi-5-6l-time-select\/"},"modified":"2026-04-07T09:46:22","modified_gmt":"2026-04-07T07:46:22","slug":"crockpot-slowcooker-56l-aika-valikoima","status":"publish","type":"product","link":"https:\/\/crockpot.se\/fi\/crockpot-slowcooker-56l-aika-valikoima\/","title":{"rendered":"Crockpot hidasliesi 5.6L, Time Select"},"content":{"rendered":"","protected":false},"excerpt":{"rendered":"<h3>Valitse, milloin haluat ruoan olevan valmista, ja Crockpot Time Select hoitaa ruoanvalmistuksen puolestasi.<\/h3>\n<p>Time Select -toiminnolla voit asettaa n\u00e4yt\u00f6n kellon avulla tarkan ajan, jolloin haluat p\u00e4iv\u00e4llisen olevan valmis. Aineosista ja kattilaan laitetusta m\u00e4\u00e4r\u00e4st\u00e4 riippuen Time Select suunnittelee kypsennyksen niin, ett\u00e4 se on valmis juuri valitsemanasi ajankohtana.<\/p>\n","protected":false},"featured_media":3612,"comment_status":"open","ping_status":"closed","template":"","meta":{"_acf_changed":false},"product_brand":[],"product_cat":[1580],"product_tag":[],"class_list":{"0":"post-7575","1":"product","2":"type-product","3":"status-publish","4":"has-post-thumbnail","6":"product_cat-slowcookers","8":"first","9":"instock","10":"shipping-taxable","11":"product-type-external"},"acf":[],"_links":{"self":[{"href":"https:\/\/crockpot.se\/fi\/wp-json\/wp\/v2\/product\/7575","targetHints":{"allow":["GET"]}}],"collection":[{"href":"https:\/\/crockpot.se\/fi\/wp-json\/wp\/v2\/product"}],"about":[{"href":"https:\/\/crockpot.se\/fi\/wp-json\/wp\/v2\/types\/product"}],"replies":[{"embeddable":true,"href":"https:\/\/crockpot.se\/fi\/wp-json\/wp\/v2\/comments?post=7575"}],"wp:featuredmedia":[{"embeddable":true,"href":"https:\/\/crockpot.se\/fi\/wp-json\/wp\/v2\/media\/3612"}],"wp:attachment":[{"href":"https:\/\/crockpot.se\/fi\/wp-json\/wp\/v2\/media?parent=7575"}],"wp:term":[{"taxonomy":"product_brand","embeddable":true,"href":"https:\/\/crockpot.se\/fi\/wp-json\/wp\/v2\/product_brand?post=7575"},{"taxonomy":"product_cat","embeddable":true,"href":"https:\/\/crockpot.se\/fi\/wp-json\/wp\/v2\/product_cat?post=7575"},{"taxonomy":"product_tag","embeddable":true,"href":"https:\/\/crockpot.se\/fi\/wp-json\/wp\/v2\/product_tag?post=7575"}],"curies":[{"name":"wp","href":"https:\/\/api.w.org\/{rel}","templated":true}]}}