{"id":7581,"date":"2023-01-10T11:56:25","date_gmt":"2023-01-10T10:56:25","guid":{"rendered":"https:\/\/crockpot.se\/crockpot-hitaasti-keitin-75l\/"},"modified":"2023-03-08T15:05:52","modified_gmt":"2023-03-08T14:05:52","slug":"kattila-hidas-keitin-75l","status":"publish","type":"product","link":"https:\/\/crockpot.se\/fi\/kattila-hidas-keitin-75l\/","title":{"rendered":"Crockpot hitaasti keitin 7,5L"},"content":{"rendered":"","protected":false},"excerpt":{"rendered":"<h3>Anna Crockpot Slowcookerin valmistaa ruokaa samalla, kun teet muita asioita.<\/h3>\n<p>Ajastimella varustettujen hitaiden keittimien suurin malli tarjoaa t\u00e4ydellisen illallisen, joka kest\u00e4\u00e4 useita. On itse asiassa mahdollista s\u00e4\u00e4st\u00e4\u00e4 aikaa valmistamalla ruokaa hitaasti, t\u00e4ytt\u00e4m\u00e4ll\u00e4 kattila aineksilla ja tulemalla kotiin monta tuntia my\u00f6hemmin herkullisen ruoan \u00e4\u00e4relle. 7,5 litran tilavuuden ansiosta voit valmistaa ruokaa v\u00e4hint\u00e4\u00e4n 8-10 hengelle.<\/p>\n","protected":false},"featured_media":3606,"comment_status":"open","ping_status":"closed","template":"","meta":{"_acf_changed":false},"product_brand":[],"product_cat":[2857,1580],"product_tag":[],"class_list":{"0":"post-7581","1":"product","2":"type-product","3":"status-publish","4":"has-post-thumbnail","6":"product_cat-urheilulomatarjoukset","7":"product_cat-slowcookers","9":"first","10":"instock","11":"shipping-taxable","12":"product-type-external"},"acf":[],"_links":{"self":[{"href":"https:\/\/crockpot.se\/fi\/wp-json\/wp\/v2\/product\/7581","targetHints":{"allow":["GET"]}}],"collection":[{"href":"https:\/\/crockpot.se\/fi\/wp-json\/wp\/v2\/product"}],"about":[{"href":"https:\/\/crockpot.se\/fi\/wp-json\/wp\/v2\/types\/product"}],"replies":[{"embeddable":true,"href":"https:\/\/crockpot.se\/fi\/wp-json\/wp\/v2\/comments?post=7581"}],"wp:featuredmedia":[{"embeddable":true,"href":"https:\/\/crockpot.se\/fi\/wp-json\/wp\/v2\/media\/3606"}],"wp:attachment":[{"href":"https:\/\/crockpot.se\/fi\/wp-json\/wp\/v2\/media?parent=7581"}],"wp:term":[{"taxonomy":"product_brand","embeddable":true,"href":"https:\/\/crockpot.se\/fi\/wp-json\/wp\/v2\/product_brand?post=7581"},{"taxonomy":"product_cat","embeddable":true,"href":"https:\/\/crockpot.se\/fi\/wp-json\/wp\/v2\/product_cat?post=7581"},{"taxonomy":"product_tag","embeddable":true,"href":"https:\/\/crockpot.se\/fi\/wp-json\/wp\/v2\/product_tag?post=7581"}],"curies":[{"name":"wp","href":"https:\/\/api.w.org\/{rel}","templated":true}]}}