{"id":7585,"date":"2023-01-10T10:54:29","date_gmt":"2023-01-10T09:54:29","guid":{"rendered":"https:\/\/crockpot.se\/crockpot-hitaasti-keitin-47l\/"},"modified":"2023-03-06T09:38:04","modified_gmt":"2023-03-06T08:38:04","slug":"kattila-hidas-keitin-47l","status":"publish","type":"product","link":"https:\/\/crockpot.se\/fi\/kattila-hidas-keitin-47l\/","title":{"rendered":"Crockpot hitaasti keitin 4,7L"},"content":{"rendered":"","protected":false},"excerpt":{"rendered":"<h3>Miten olisi runsas muhennos, joka kypsyy itsest\u00e4\u00e4n, kun teet jotain muuta?<\/h3>\n<p>Crockpot-hidasliedell\u00e4 voit valmistaa ihanaa vasikanlihaa tai pulled beefi\u00e4, joka on valmista, kun tulet kotiin. Kun kypsennysaika on p\u00e4\u00e4ttynyt, Crockpot siirtyy l\u00e4mmitystilaan. Irrotettavaa keraamista kattilaa voi k\u00e4ytt\u00e4\u00e4 my\u00f6s uunissa ja mikroaaltouunissa ilman kantta, ja se on konepest\u00e4v\u00e4.<\/p>\n","protected":false},"featured_media":3582,"comment_status":"open","ping_status":"closed","template":"","meta":{"_acf_changed":false},"product_brand":[],"product_cat":[2857,1580],"product_tag":[],"class_list":{"0":"post-7585","1":"product","2":"type-product","3":"status-publish","4":"has-post-thumbnail","6":"product_cat-urheilulomatarjoukset","7":"product_cat-slowcookers","9":"first","10":"instock","11":"shipping-taxable","12":"product-type-external"},"acf":[],"_links":{"self":[{"href":"https:\/\/crockpot.se\/fi\/wp-json\/wp\/v2\/product\/7585","targetHints":{"allow":["GET"]}}],"collection":[{"href":"https:\/\/crockpot.se\/fi\/wp-json\/wp\/v2\/product"}],"about":[{"href":"https:\/\/crockpot.se\/fi\/wp-json\/wp\/v2\/types\/product"}],"replies":[{"embeddable":true,"href":"https:\/\/crockpot.se\/fi\/wp-json\/wp\/v2\/comments?post=7585"}],"wp:featuredmedia":[{"embeddable":true,"href":"https:\/\/crockpot.se\/fi\/wp-json\/wp\/v2\/media\/3582"}],"wp:attachment":[{"href":"https:\/\/crockpot.se\/fi\/wp-json\/wp\/v2\/media?parent=7585"}],"wp:term":[{"taxonomy":"product_brand","embeddable":true,"href":"https:\/\/crockpot.se\/fi\/wp-json\/wp\/v2\/product_brand?post=7585"},{"taxonomy":"product_cat","embeddable":true,"href":"https:\/\/crockpot.se\/fi\/wp-json\/wp\/v2\/product_cat?post=7585"},{"taxonomy":"product_tag","embeddable":true,"href":"https:\/\/crockpot.se\/fi\/wp-json\/wp\/v2\/product_tag?post=7585"}],"curies":[{"name":"wp","href":"https:\/\/api.w.org\/{rel}","templated":true}]}}