{"id":7597,"date":"2023-01-10T10:17:21","date_gmt":"2023-01-10T09:17:21","guid":{"rendered":"https:\/\/crockpot.se\/crockpot-expressin-ritilat\/"},"modified":"2023-01-10T10:17:21","modified_gmt":"2023-01-10T09:17:21","slug":"grate-to-crockpot-express","status":"publish","type":"product","link":"https:\/\/crockpot.se\/fi\/grate-to-crockpot-express\/","title":{"rendered":"Crockpot Expressin ritil\u00e4t"},"content":{"rendered":"","protected":false},"excerpt":{"rendered":"<h2>Crockpot Expressin h\u00f6yryritil\u00e4t<\/h2>\n<ul>\n<li>Metalli<\/li>\n<li>Sopii Crockpot Express 201025, 201026 ja 201027 -malleihin.<\/li>\n<li>Tuotenumero: 9020195<\/li>\n<\/ul>\n","protected":false},"featured_media":3567,"comment_status":"open","ping_status":"closed","template":"","meta":{"_acf_changed":false},"product_brand":[],"product_cat":[3265,1568,1571],"product_tag":[],"class_list":{"0":"post-7597","1":"product","2":"type-product","3":"status-publish","4":"has-post-thumbnail","6":"product_cat-muu","7":"product_cat-varaosat","8":"product_cat-verkko","10":"first","11":"instock","12":"shipping-taxable","13":"product-type-external"},"acf":[],"_links":{"self":[{"href":"https:\/\/crockpot.se\/fi\/wp-json\/wp\/v2\/product\/7597","targetHints":{"allow":["GET"]}}],"collection":[{"href":"https:\/\/crockpot.se\/fi\/wp-json\/wp\/v2\/product"}],"about":[{"href":"https:\/\/crockpot.se\/fi\/wp-json\/wp\/v2\/types\/product"}],"replies":[{"embeddable":true,"href":"https:\/\/crockpot.se\/fi\/wp-json\/wp\/v2\/comments?post=7597"}],"wp:featuredmedia":[{"embeddable":true,"href":"https:\/\/crockpot.se\/fi\/wp-json\/wp\/v2\/media\/3567"}],"wp:attachment":[{"href":"https:\/\/crockpot.se\/fi\/wp-json\/wp\/v2\/media?parent=7597"}],"wp:term":[{"taxonomy":"product_brand","embeddable":true,"href":"https:\/\/crockpot.se\/fi\/wp-json\/wp\/v2\/product_brand?post=7597"},{"taxonomy":"product_cat","embeddable":true,"href":"https:\/\/crockpot.se\/fi\/wp-json\/wp\/v2\/product_cat?post=7597"},{"taxonomy":"product_tag","embeddable":true,"href":"https:\/\/crockpot.se\/fi\/wp-json\/wp\/v2\/product_tag?post=7597"}],"curies":[{"name":"wp","href":"https:\/\/api.w.org\/{rel}","templated":true}]}}