{"id":7611,"date":"2023-01-10T09:45:17","date_gmt":"2023-01-10T08:45:17","guid":{"rendered":"https:\/\/crockpot.se\/innergryta-60l-duraceramic-jarjestelma\/"},"modified":"2023-01-10T09:45:17","modified_gmt":"2023-01-10T08:45:17","slug":"innergryta-60l-duraceramic","status":"publish","type":"product","link":"https:\/\/crockpot.se\/fi\/innergryta-60l-duraceramic\/","title":{"rendered":"Innergryta 6,0L Duraceramic-j\u00e4rjestelm\u00e4"},"content":{"rendered":"","protected":false},"excerpt":{"rendered":"<ul>\n<li>Alumiini DuraCeramic-pinnalla<\/li>\n<li>Voidaan k\u00e4ytt\u00e4\u00e4 kaikentyyppisill\u00e4 liesill\u00e4 ja uunissa.<\/li>\n<li>Sopii 201020<\/li>\n<li>Tuotenumero: 9020161<\/li>\n<\/ul>\n","protected":false},"featured_media":3513,"comment_status":"open","ping_status":"closed","template":"","meta":{"_acf_changed":false},"product_brand":[],"product_cat":[1574,1568],"product_tag":[],"class_list":{"0":"post-7611","1":"product","2":"type-product","3":"status-publish","4":"has-post-thumbnail","6":"product_cat-sisaiset-ruukut","7":"product_cat-varaosat","9":"first","10":"instock","11":"shipping-taxable","12":"product-type-external"},"acf":[],"_links":{"self":[{"href":"https:\/\/crockpot.se\/fi\/wp-json\/wp\/v2\/product\/7611","targetHints":{"allow":["GET"]}}],"collection":[{"href":"https:\/\/crockpot.se\/fi\/wp-json\/wp\/v2\/product"}],"about":[{"href":"https:\/\/crockpot.se\/fi\/wp-json\/wp\/v2\/types\/product"}],"replies":[{"embeddable":true,"href":"https:\/\/crockpot.se\/fi\/wp-json\/wp\/v2\/comments?post=7611"}],"wp:featuredmedia":[{"embeddable":true,"href":"https:\/\/crockpot.se\/fi\/wp-json\/wp\/v2\/media\/3513"}],"wp:attachment":[{"href":"https:\/\/crockpot.se\/fi\/wp-json\/wp\/v2\/media?parent=7611"}],"wp:term":[{"taxonomy":"product_brand","embeddable":true,"href":"https:\/\/crockpot.se\/fi\/wp-json\/wp\/v2\/product_brand?post=7611"},{"taxonomy":"product_cat","embeddable":true,"href":"https:\/\/crockpot.se\/fi\/wp-json\/wp\/v2\/product_cat?post=7611"},{"taxonomy":"product_tag","embeddable":true,"href":"https:\/\/crockpot.se\/fi\/wp-json\/wp\/v2\/product_tag?post=7611"}],"curies":[{"name":"wp","href":"https:\/\/api.w.org\/{rel}","templated":true}]}}