{"id":7978,"date":"2023-01-05T14:11:33","date_gmt":"2023-01-05T13:11:33","guid":{"rendered":"https:\/\/crockpot.se\/crockpot-skolen\/"},"modified":"2023-02-02T15:06:41","modified_gmt":"2023-02-02T14:06:41","slug":"crockpot-skolen","status":"publish","type":"page","link":"https:\/\/crockpot.se\/no\/crockpot-skolen\/","title":{"rendered":"Crockpot-skolen"},"content":{"rendered":"\n\n  <div class=\"banner has-hover subpage-title has-parallax\" id=\"banner-815377839\">\n          <div class=\"banner-inner fill\">\n        <div class=\"banner-bg fill\" data-parallax=\"-2\" data-parallax-container=\".banner\" data-parallax-background>\n            <img loading=\"lazy\" decoding=\"async\" width=\"1920\" height=\"1393\" src=\"https:\/\/crockpot.se\/wp-content\/uploads\/2023\/01\/crockpotskolan-1.webp\" class=\"bg attachment-original size-original\" alt=\"\" \/>                        <div class=\"overlay\"><\/div>            \n                    <\/div>\n\t\t\n        <div class=\"banner-layers container\">\n            <div class=\"fill banner-link\"><\/div>            \n\n   <div id=\"text-box-624251682\" class=\"text-box banner-layer x0 md-x0 lg-x0 y50 md-y50 lg-y50 res-text\">\n                                <div class=\"text-box-content text dark\">\n              \n              <div class=\"text-inner text-left\">\n                  \n\n<h1 class=\"uppercase\">Crockpot-skolen<\/h1>\n\n              <\/div>\n           <\/div>\n                            \n<style>\n#text-box-624251682 {\n  width: 50%;\n}\n#text-box-624251682 .text-box-content {\n  font-size: 100%;\n}\n<\/style>\n    <\/div>\n \n\n        <\/div>\n      <\/div>\n\n            \n<style>\n#banner-815377839 {\n  padding-top: 99.99%;\n}\n#banner-815377839 .overlay {\n  background-color: rgba(0, 0, 0, 0.448);\n}\n#banner-815377839 .banner-bg img {\n  object-position: 50% 62%;\n}\n@media (min-width:550px) {\n  #banner-815377839 {\n    padding-top: 500px;\n  }\n}\n<\/style>\n  <\/div>\n\n\n\n\t<section class=\"section\" id=\"section_815064098\">\n\t\t<div class=\"section-bg fill\" >\n\t\t\t\t\t\t\t\t\t\n\t\t\t\n\n\t\t<\/div>\n\n\t\t\n\n\t\t<div class=\"section-content relative\">\n\t\t\t\n\n<div class=\"row row-collapse\"  id=\"row-1683743415\">\n\n\n\t<div id=\"col-675673063\" class=\"col medium-4 small-12 large-4\"  >\n\t\t\t\t<div class=\"col-inner\"  >\n\t\t\t\n\t\t\t\n\n<h2>Ta leksjoner og<br>bli inspirert!<\/h2>\n\n\t\t<\/div>\n\t\t\t\t\t<\/div>\n\n\t\n\n\t<div id=\"col-870097834\" class=\"col medium-8 small-12 large-8\"  >\n\t\t\t\t<div class=\"col-inner\"  >\n\t\t\t\n\t\t\t\n\n\t<div id=\"text-257702820\" class=\"text no-margin\">\n\t\t\n\n<p>S\u00e5 hyggelig at du oppdaget Crockpot. Enten har du allerede kj\u00f8pt en, eller s\u00e5 er du i ferd med \u00e5 velge og kvalifisere deg om dette er en dings for deg. Uansett har vi utviklet en grunnskole i Crockpotting fordi vi vet at hvis du l\u00e6rer det grunnleggende, kommer du raskere i gang og du vil unng\u00e5 de f\u00f8rste feilene. Vi i Crockpot synes matlaging skal v\u00e6re enkelt og selvf\u00f8lgelig skal det v\u00e6re godt. Du trenger ikke v\u00e6re en mesterkokk eller ikke synes det er spesielt g\u00f8y \u00e5 lage mat, eller s\u00e5 synes du det, men har ikke nok tid. Med Crock-Pot trenger du bare en oppskrift og lite forberedelse. The Crockpot gj\u00f8r maten, mens du gj\u00f8r andre ting; jobbe, g\u00e5 p\u00e5 skole, trene eller henge med familien. S\u00e5 velkommen igjen og h\u00e5per du nyter den fantastiske verdenen til Crockpot!<\/p>\n\t\t\t<\/div>\n\t\n\n\t\t<\/div>\n\t\t\t\t\t<\/div>\n\n\t\n\n<\/div>\n\n\t\t<\/div>\n\n\t\t\n<style>\n#section_815064098 {\n  padding-top: 60px;\n  padding-bottom: 60px;\n}\n<\/style>\n\t<\/section>\n\t\n\n\t<section class=\"section\" id=\"section_1104245442\">\n\t\t<div class=\"section-bg fill\" >\n\t\t\t\t\t\t\t\t\t\n\t\t\t\n\n\t\t<\/div>\n\n\t\t\n\n\t\t<div class=\"section-content relative\">\n\t\t\t\n\n<div class=\"row row-collapse row-full-width align-middle\"  id=\"row-950657034\">\n\n\n\t<div id=\"col-1094546610\" class=\"col medium-6 small-12 large-6\"  >\n\t\t\t\t<div class=\"col-inner\"  >\n\t\t\t\n\t\t\t\n\n<div class=\"video video-fit mb\" style=\"padding-top:56.25%;\"><iframe loading=\"lazy\" title=\"Mustig k\u00f6ttgryta\" width=\"1020\" height=\"574\" src=\"https:\/\/www.youtube.com\/embed\/vMrXaOFBZOg?feature=oembed\" frameborder=\"0\" allow=\"accelerometer; autoplay; clipboard-write; encrypted-media; gyroscope; picture-in-picture; web-share\" allowfullscreen><\/iframe><\/div>\n\n\n\t\t<\/div>\n\t\t\t\t\t<\/div>\n\n\t\n\n\t<div id=\"col-957972812\" class=\"col text-column medium-6 small-12 large-6\"  >\n\t\t\t\t<div class=\"col-inner\"  >\n\t\t\t\n\t\t\t\n\n<h2>Krydret kj\u00f8ttgryte<\/h2>\n<p>Det meste kan tilberedes i Crockpot, men kj\u00f8ttgryter er noe av det som gir best resultat i en slow cooker. Denne kj\u00f8ttgryten er laget med roastbiff, men andre t\u00f8ffere kj\u00f8ttdeler fungerer ogs\u00e5 bra, f.eks. h\u00f8yt rev eller bue.<\/p>\n<a class=\"button secondary cp-btn\" >\n\t\t<span>G\u00e5 til oppskriften<\/span>\n\t<\/a>\n\n\n\n\t\t<\/div>\n\t\t\t\t\t<\/div>\n\n\t\n\n<\/div>\n\n\t\t<\/div>\n\n\t\t\n<style>\n#section_1104245442 {\n  padding-top: 0px;\n  padding-bottom: 0px;\n  background-color: rgb(252, 250, 246);\n}\n<\/style>\n\t<\/section>\n\t\n\n\t<section class=\"section\" id=\"section_223710899\">\n\t\t<div class=\"section-bg fill\" >\n\t\t\t\t\t\t\t\t\t\n\t\t\t\n\n\t\t<\/div>\n\n\t\t\n\n\t\t<div class=\"section-content relative\">\n\t\t\t\n\n<div class=\"row row-collapse row-full-width align-middle\"  id=\"row-217703883\">\n\n\n\t<div id=\"col-465454921\" class=\"col text-column medium-6 small-12 large-6\"  >\n\t\t\t\t<div class=\"col-inner\"  >\n\t\t\t\n\t\t\t\n\n<h2>Veggiestuingen for mange<\/h2>\n<p>Det meste kan tilberedes i Crockpot, men kj\u00f8ttgryter er noe av det som gir best resultat i en slow cooker. Denne kj\u00f8ttgryten er laget med roastbiff, men andre t\u00f8ffere kj\u00f8ttdeler fungerer ogs\u00e5 bra, f.eks. h\u00f8yt rev eller bue.<\/p>\n<a class=\"button secondary cp-btn\" >\n\t\t<span>G\u00e5 til oppskriften<\/span>\n\t<\/a>\n\n\n\n\t\t<\/div>\n\t\t\t\t\t<\/div>\n\n\t\n\n\t<div id=\"col-1215322920\" class=\"col medium-6 small-12 large-6\"  >\n\t\t\t\t<div class=\"col-inner\"  >\n\t\t\t\n\t\t\t\n\n<div class=\"video video-fit mb\" style=\"padding-top:56.25%;\"><p><iframe loading=\"lazy\" title=\"Vegogryta till m\u00e5nga\" width=\"1020\" height=\"574\" src=\"https:\/\/www.youtube.com\/embed\/CMlhO2WLfvY?feature=oembed\" frameborder=\"0\" allow=\"accelerometer; autoplay; clipboard-write; encrypted-media; gyroscope; picture-in-picture; web-share\" allowfullscreen><\/iframe><\/p>\n<\/div>\n\n\n\t\t<\/div>\n\t\t\t\t\t<\/div>\n\n\t\n\n<\/div>\n\n\t\t<\/div>\n\n\t\t\n<style>\n#section_223710899 {\n  padding-top: 0px;\n  padding-bottom: 0px;\n  background-color: rgb(252, 250, 246);\n}\n<\/style>\n\t<\/section>\n\t\n\n\t<section class=\"section\" id=\"section_682322799\">\n\t\t<div class=\"section-bg fill\" >\n\t\t\t\t\t\t\t\t\t\n\t\t\t\n\n\t\t<\/div>\n\n\t\t\n\n\t\t<div class=\"section-content relative\">\n\t\t\t\n\n<div class=\"row row-collapse row-full-width align-middle\"  id=\"row-1075945764\">\n\n\n\t<div id=\"col-1904818809\" class=\"col medium-6 small-12 large-6\"  >\n\t\t\t\t<div class=\"col-inner\"  >\n\t\t\t\n\t\t\t\n\n<div class=\"video video-fit mb\" style=\"padding-top:56.25%;\"><p><iframe loading=\"lazy\" title=\"Kycklingryta med ananas\" width=\"1020\" height=\"574\" src=\"https:\/\/www.youtube.com\/embed\/BCpF2c552vU?feature=oembed\" frameborder=\"0\" allow=\"accelerometer; autoplay; clipboard-write; encrypted-media; gyroscope; picture-in-picture; web-share\" allowfullscreen><\/iframe><\/p>\n<\/div>\n\n\n\t\t<\/div>\n\t\t\t\t\t<\/div>\n\n\t\n\n\t<div id=\"col-1869972235\" class=\"col text-column medium-6 small-12 large-6\"  >\n\t\t\t\t<div class=\"col-inner\"  >\n\t\t\t\n\t\t\t\n\n<h2>Kyllinggryte med ananas<\/h2>\n<p>Ananas kyllinggryte var en av de f\u00f8rste oppskriftene jeg laget da jeg oppdaget Crockpot. Dette er en supersmakfull variant sp\u00f8r du meg.<\/p>\n<a class=\"button secondary cp-btn\" >\n\t\t<span>G\u00e5 til oppskriften<\/span>\n\t<\/a>\n\n\n\n\t\t<\/div>\n\t\t\t\t\t<\/div>\n\n\t\n\n<\/div>\n\n\t\t<\/div>\n\n\t\t\n<style>\n#section_682322799 {\n  padding-top: 0px;\n  padding-bottom: 0px;\n  background-color: rgb(252, 250, 246);\n}\n<\/style>\n\t<\/section>\n\t\n\n\t<section class=\"section\" id=\"section_1241836096\">\n\t\t<div class=\"section-bg fill\" >\n\t\t\t\t\t\t\t\t\t\n\t\t\t\n\n\t\t<\/div>\n\n\t\t\n\n\t\t<div class=\"section-content relative\">\n\t\t\t\n\n<div class=\"row row-collapse row-full-width align-middle\"  id=\"row-1148381125\">\n\n\n\t<div id=\"col-1307428571\" class=\"col text-column medium-6 small-12 large-6\"  >\n\t\t\t\t<div class=\"col-inner\"  >\n\t\t\t\n\t\t\t\n\n<h2>Kj\u00f8ttdeigsaus med gulr\u00f8tter<\/h2>\n<p>Kj\u00f8ttsaus er en favoritt for mange og ja, den kan lages i Crockpot. Kj\u00f8ttdeigsausen blir skikkelig saftig og smakfull n\u00e5r den f\u00e5r putre lenge p\u00e5 svak varme i Crockpot.<\/p>\n<a class=\"button secondary cp-btn\" >\n\t\t<span>G\u00e5 til oppskriften<\/span>\n\t<\/a>\n\n\n\n\t\t<\/div>\n\t\t\t\t\t<\/div>\n\n\t\n\n\t<div id=\"col-1920351191\" class=\"col medium-6 small-12 large-6\"  >\n\t\t\t\t<div class=\"col-inner\"  >\n\t\t\t\n\t\t\t\n\n<div class=\"video video-fit mb\" style=\"padding-top:56.25%;\"><p><iframe loading=\"lazy\" title=\"K\u00f6ttf\u00e4rss\u00e5s med mor\u00f6tter\" width=\"1020\" height=\"574\" src=\"https:\/\/www.youtube.com\/embed\/OfLOQy4FMMM?feature=oembed\" frameborder=\"0\" allow=\"accelerometer; autoplay; clipboard-write; encrypted-media; gyroscope; picture-in-picture; web-share\" allowfullscreen><\/iframe><\/p>\n<\/div>\n\n\n\t\t<\/div>\n\t\t\t\t\t<\/div>\n\n\t\n\n<\/div>\n\n\t\t<\/div>\n\n\t\t\n<style>\n#section_1241836096 {\n  padding-top: 0px;\n  padding-bottom: 0px;\n  background-color: rgb(252, 250, 246);\n}\n<\/style>\n\t<\/section>\n\t\n\n","protected":false},"excerpt":{"rendered":"","protected":false},"author":1,"featured_media":0,"parent":0,"menu_order":0,"comment_status":"closed","ping_status":"closed","template":"page-blank.php","meta":{"_acf_changed":false,"footnotes":""},"class_list":["post-7978","page","type-page","status-publish","hentry"],"acf":[],"_links":{"self":[{"href":"https:\/\/crockpot.se\/no\/wp-json\/wp\/v2\/pages\/7978","targetHints":{"allow":["GET"]}}],"collection":[{"href":"https:\/\/crockpot.se\/no\/wp-json\/wp\/v2\/pages"}],"about":[{"href":"https:\/\/crockpot.se\/no\/wp-json\/wp\/v2\/types\/page"}],"author":[{"embeddable":true,"href":"https:\/\/crockpot.se\/no\/wp-json\/wp\/v2\/users\/1"}],"replies":[{"embeddable":true,"href":"https:\/\/crockpot.se\/no\/wp-json\/wp\/v2\/comments?post=7978"}],"version-history":[{"count":2,"href":"https:\/\/crockpot.se\/no\/wp-json\/wp\/v2\/pages\/7978\/revisions"}],"predecessor-version":[{"id":7980,"href":"https:\/\/crockpot.se\/no\/wp-json\/wp\/v2\/pages\/7978\/revisions\/7980"}],"wp:attachment":[{"href":"https:\/\/crockpot.se\/no\/wp-json\/wp\/v2\/media?parent=7978"}],"curies":[{"name":"wp","href":"https:\/\/api.w.org\/{rel}","templated":true}]}}