{"id":7560,"date":"2023-01-10T11:52:09","date_gmt":"2023-01-10T10:52:09","guid":{"rendered":"https:\/\/crockpot.se\/crockpot-multicooker-56l-express-plus\/"},"modified":"2024-01-11T11:42:12","modified_gmt":"2024-01-11T10:42:12","slug":"crockpot-flerkoker-56l-ekspress-pluss","status":"publish","type":"product","link":"https:\/\/crockpot.se\/no\/crockpot-flerkoker-56l-ekspress-pluss\/","title":{"rendered":"Crockpot Multicooker 5,6l Express Plus"},"content":{"rendered":"","protected":false},"excerpt":{"rendered":"<h3>Crockpot Express Multicooker tilbereder mat opptil 70 % raskere sammenlignet med tradisjonell matlaging. Skap fred p\u00e5 dagen uten \u00e5 miste dyrebar tid.<\/h3>\n<p>Denne multifunksjonelle trykkokeren fra Crockpot har 8 forh\u00e5ndsinnstilte funksjoner som gj\u00f8r det enkelt \u00e5 tilberede det du vil \u2013 alt med et enkelt trykk p\u00e5 en knapp. I tillegg til trykkkoking finnes det ogs\u00e5 funksjoner for bruning og saktekoking. Kokekarets non-stick belegg gj\u00f8r det enkelt \u00e5 rengj\u00f8re og det er snart klart for neste m\u00e5ltid. Plussmodellen inkluderer ogs\u00e5 litt ekstra tilbeh\u00f8r, som nettkurver og en tang.<\/p>\n","protected":false},"featured_media":3604,"comment_status":"open","ping_status":"closed","template":"","meta":{"_acf_changed":false},"product_brand":[],"product_cat":[2858,1588,1579,1585],"product_tag":[],"class_list":{"0":"post-7560","1":"product","2":"type-product","3":"status-publish","4":"has-post-thumbnail","6":"product_cat-sportsferietilbud","7":"product_cat-dampkoking","8":"product_cat-slowcookers","9":"product_cat-trykkoker","11":"first","12":"instock","13":"featured","14":"shipping-taxable","15":"product-type-external"},"acf":[],"_links":{"self":[{"href":"https:\/\/crockpot.se\/no\/wp-json\/wp\/v2\/product\/7560","targetHints":{"allow":["GET"]}}],"collection":[{"href":"https:\/\/crockpot.se\/no\/wp-json\/wp\/v2\/product"}],"about":[{"href":"https:\/\/crockpot.se\/no\/wp-json\/wp\/v2\/types\/product"}],"replies":[{"embeddable":true,"href":"https:\/\/crockpot.se\/no\/wp-json\/wp\/v2\/comments?post=7560"}],"wp:featuredmedia":[{"embeddable":true,"href":"https:\/\/crockpot.se\/no\/wp-json\/wp\/v2\/media\/3604"}],"wp:attachment":[{"href":"https:\/\/crockpot.se\/no\/wp-json\/wp\/v2\/media?parent=7560"}],"wp:term":[{"taxonomy":"product_brand","embeddable":true,"href":"https:\/\/crockpot.se\/no\/wp-json\/wp\/v2\/product_brand?post=7560"},{"taxonomy":"product_cat","embeddable":true,"href":"https:\/\/crockpot.se\/no\/wp-json\/wp\/v2\/product_cat?post=7560"},{"taxonomy":"product_tag","embeddable":true,"href":"https:\/\/crockpot.se\/no\/wp-json\/wp\/v2\/product_tag?post=7560"}],"curies":[{"name":"wp","href":"https:\/\/api.w.org\/{rel}","templated":true}]}}