{"id":7576,"date":"2023-01-10T14:10:31","date_gmt":"2023-01-10T13:10:31","guid":{"rendered":"https:\/\/crockpot.se\/crockpot-slowcooker-56l-tidsvalg\/"},"modified":"2026-04-07T09:46:22","modified_gmt":"2026-04-07T07:46:22","slug":"crockpot-slowcooker-56l-time-select","status":"publish","type":"product","link":"https:\/\/crockpot.se\/no\/crockpot-slowcooker-56l-time-select\/","title":{"rendered":"Crockpot Slowcooker 5,6L, Tidsvalg"},"content":{"rendered":"","protected":false},"excerpt":{"rendered":"<h3>Velg selv n\u00e5r du vil at maten skal v\u00e6re klar, og Crockpot Time Select tar seg av matlagingen.<\/h3>\n<p>Med Time Select bruker du klokken p\u00e5 displayet og taster inn n\u00f8yaktig tidspunktet du vil at middagen skal v\u00e6re klar. Avhengig av ingrediensene og mengden du putter i gryta, planlegger Time Select matlagingen slik at den er klar akkurat til det tidspunktet du har valgt.<\/p>\n","protected":false},"featured_media":3613,"comment_status":"open","ping_status":"closed","template":"","meta":{"_acf_changed":false},"product_brand":[],"product_cat":[1579],"product_tag":[],"class_list":{"0":"post-7576","1":"product","2":"type-product","3":"status-publish","4":"has-post-thumbnail","6":"product_cat-slowcookers","8":"first","9":"instock","10":"shipping-taxable","11":"product-type-external"},"acf":[],"_links":{"self":[{"href":"https:\/\/crockpot.se\/no\/wp-json\/wp\/v2\/product\/7576","targetHints":{"allow":["GET"]}}],"collection":[{"href":"https:\/\/crockpot.se\/no\/wp-json\/wp\/v2\/product"}],"about":[{"href":"https:\/\/crockpot.se\/no\/wp-json\/wp\/v2\/types\/product"}],"replies":[{"embeddable":true,"href":"https:\/\/crockpot.se\/no\/wp-json\/wp\/v2\/comments?post=7576"}],"wp:featuredmedia":[{"embeddable":true,"href":"https:\/\/crockpot.se\/no\/wp-json\/wp\/v2\/media\/3613"}],"wp:attachment":[{"href":"https:\/\/crockpot.se\/no\/wp-json\/wp\/v2\/media?parent=7576"}],"wp:term":[{"taxonomy":"product_brand","embeddable":true,"href":"https:\/\/crockpot.se\/no\/wp-json\/wp\/v2\/product_brand?post=7576"},{"taxonomy":"product_cat","embeddable":true,"href":"https:\/\/crockpot.se\/no\/wp-json\/wp\/v2\/product_cat?post=7576"},{"taxonomy":"product_tag","embeddable":true,"href":"https:\/\/crockpot.se\/no\/wp-json\/wp\/v2\/product_tag?post=7576"}],"curies":[{"name":"wp","href":"https:\/\/api.w.org\/{rel}","templated":true}]}}