{"id":7582,"date":"2023-01-10T11:56:25","date_gmt":"2023-01-10T10:56:25","guid":{"rendered":"https:\/\/crockpot.se\/crockpot-slow-cooker-75l\/"},"modified":"2023-03-08T15:05:52","modified_gmt":"2023-03-08T14:05:52","slug":"crockpot-slowcooker-75l","status":"publish","type":"product","link":"https:\/\/crockpot.se\/no\/crockpot-slowcooker-75l\/","title":{"rendered":"Crockpot Slow Cooker 7,5L"},"content":{"rendered":"","protected":false},"excerpt":{"rendered":"<h3>La Crockpot Slowcooker koke mens du gj\u00f8r andre ting.<\/h3>\n<p>St\u00f8rste modell av slow cookers med timer gir en perfekt middag som rekker til flere. Du kan faktisk spare tid ved \u00e5 lage sakte mat, fylle gryten med ingredienser og komme hjem mange timer senere til en deilig rett. Med en kapasitet p\u00e5 7,5 l lager du nok mat til minst 8\u201310 personer.<\/p>\n","protected":false},"featured_media":3607,"comment_status":"open","ping_status":"closed","template":"","meta":{"_acf_changed":false},"product_brand":[],"product_cat":[2858,1579],"product_tag":[],"class_list":{"0":"post-7582","1":"product","2":"type-product","3":"status-publish","4":"has-post-thumbnail","6":"product_cat-sportsferietilbud","7":"product_cat-slowcookers","9":"first","10":"instock","11":"shipping-taxable","12":"product-type-external"},"acf":[],"_links":{"self":[{"href":"https:\/\/crockpot.se\/no\/wp-json\/wp\/v2\/product\/7582","targetHints":{"allow":["GET"]}}],"collection":[{"href":"https:\/\/crockpot.se\/no\/wp-json\/wp\/v2\/product"}],"about":[{"href":"https:\/\/crockpot.se\/no\/wp-json\/wp\/v2\/types\/product"}],"replies":[{"embeddable":true,"href":"https:\/\/crockpot.se\/no\/wp-json\/wp\/v2\/comments?post=7582"}],"wp:featuredmedia":[{"embeddable":true,"href":"https:\/\/crockpot.se\/no\/wp-json\/wp\/v2\/media\/3607"}],"wp:attachment":[{"href":"https:\/\/crockpot.se\/no\/wp-json\/wp\/v2\/media?parent=7582"}],"wp:term":[{"taxonomy":"product_brand","embeddable":true,"href":"https:\/\/crockpot.se\/no\/wp-json\/wp\/v2\/product_brand?post=7582"},{"taxonomy":"product_cat","embeddable":true,"href":"https:\/\/crockpot.se\/no\/wp-json\/wp\/v2\/product_cat?post=7582"},{"taxonomy":"product_tag","embeddable":true,"href":"https:\/\/crockpot.se\/no\/wp-json\/wp\/v2\/product_tag?post=7582"}],"curies":[{"name":"wp","href":"https:\/\/api.w.org\/{rel}","templated":true}]}}