{"id":7586,"date":"2023-01-10T10:54:29","date_gmt":"2023-01-10T09:54:29","guid":{"rendered":"https:\/\/crockpot.se\/crockpot-slow-cooker-47l\/"},"modified":"2023-03-06T09:38:04","modified_gmt":"2023-03-06T08:38:04","slug":"crockpot-slowcooker-47l","status":"publish","type":"product","link":"https:\/\/crockpot.se\/no\/crockpot-slowcooker-47l\/","title":{"rendered":"Crockpot Slow Cooker 4,7L"},"content":{"rendered":"","protected":false},"excerpt":{"rendered":"<h3>Hva med en velsmakende lapskaus som lager seg selv mens du holder p\u00e5 med noe annet?<\/h3>\n<p>Med en Crockpot slowcooker tilbereder du en herlig kalops eller pulled beef som er klar n\u00e5r du kommer hjem. N\u00e5r koketiden er over, bytter Crockpot til holde varm-modus. Den uttakbare keramikkgryten kan ogs\u00e5 brukes i ovnen og i mikrob\u00f8lgeovnen uten lokk og kan vaskes i oppvaskmaskinen.<\/p>\n","protected":false},"featured_media":3583,"comment_status":"open","ping_status":"closed","template":"","meta":{"_acf_changed":false},"product_brand":[],"product_cat":[1579,2858],"product_tag":[],"class_list":{"0":"post-7586","1":"product","2":"type-product","3":"status-publish","4":"has-post-thumbnail","6":"product_cat-slowcookers","7":"product_cat-sportsferietilbud","9":"first","10":"instock","11":"shipping-taxable","12":"product-type-external"},"acf":[],"_links":{"self":[{"href":"https:\/\/crockpot.se\/no\/wp-json\/wp\/v2\/product\/7586","targetHints":{"allow":["GET"]}}],"collection":[{"href":"https:\/\/crockpot.se\/no\/wp-json\/wp\/v2\/product"}],"about":[{"href":"https:\/\/crockpot.se\/no\/wp-json\/wp\/v2\/types\/product"}],"replies":[{"embeddable":true,"href":"https:\/\/crockpot.se\/no\/wp-json\/wp\/v2\/comments?post=7586"}],"wp:featuredmedia":[{"embeddable":true,"href":"https:\/\/crockpot.se\/no\/wp-json\/wp\/v2\/media\/3583"}],"wp:attachment":[{"href":"https:\/\/crockpot.se\/no\/wp-json\/wp\/v2\/media?parent=7586"}],"wp:term":[{"taxonomy":"product_brand","embeddable":true,"href":"https:\/\/crockpot.se\/no\/wp-json\/wp\/v2\/product_brand?post=7586"},{"taxonomy":"product_cat","embeddable":true,"href":"https:\/\/crockpot.se\/no\/wp-json\/wp\/v2\/product_cat?post=7586"},{"taxonomy":"product_tag","embeddable":true,"href":"https:\/\/crockpot.se\/no\/wp-json\/wp\/v2\/product_tag?post=7586"}],"curies":[{"name":"wp","href":"https:\/\/api.w.org\/{rel}","templated":true}]}}