{"id":7593,"date":"2023-01-10T10:59:53","date_gmt":"2023-01-10T09:59:53","guid":{"rendered":"https:\/\/crockpot.se\/crockpot-slowcooker-47l-hengslet-lokk\/"},"modified":"2023-01-10T10:59:53","modified_gmt":"2023-01-10T09:59:53","slug":"crockpot-slowcooker-47l-hengslet-lokk","status":"publish","type":"product","link":"https:\/\/crockpot.se\/no\/crockpot-slowcooker-47l-hengslet-lokk\/","title":{"rendered":"Crockpot Slowcooker 4,7L Hengslet lokk"},"content":{"rendered":"","protected":false},"excerpt":{"rendered":"<h3>Crockpot Slowcooker 4,7L, med smart hengsel p\u00e5 lokket som gj\u00f8r den enkel \u00e5 servere.<\/h3>\n<p>Med Crockpot slow cooker tilbereder du en herlig kalops eller kj\u00f8ttdeigsaus som er klar n\u00e5r du kommer hjem. N\u00e5r koketiden er over, bytter Crockpot til holde varm-modus. St\u00f8rrelsen passer for rundt 4-6 personer og det smarte hengslet holder lokket \u00e5pent n\u00e5r du serverer.<\/p>\n","protected":false},"featured_media":3586,"comment_status":"open","ping_status":"closed","template":"","meta":{"_acf_changed":false},"product_brand":[],"product_cat":[1579],"product_tag":[],"class_list":{"0":"post-7593","1":"product","2":"type-product","3":"status-publish","4":"has-post-thumbnail","6":"product_cat-slowcookers","8":"first","9":"instock","10":"shipping-taxable","11":"product-type-external"},"acf":[],"_links":{"self":[{"href":"https:\/\/crockpot.se\/no\/wp-json\/wp\/v2\/product\/7593","targetHints":{"allow":["GET"]}}],"collection":[{"href":"https:\/\/crockpot.se\/no\/wp-json\/wp\/v2\/product"}],"about":[{"href":"https:\/\/crockpot.se\/no\/wp-json\/wp\/v2\/types\/product"}],"replies":[{"embeddable":true,"href":"https:\/\/crockpot.se\/no\/wp-json\/wp\/v2\/comments?post=7593"}],"wp:featuredmedia":[{"embeddable":true,"href":"https:\/\/crockpot.se\/no\/wp-json\/wp\/v2\/media\/3586"}],"wp:attachment":[{"href":"https:\/\/crockpot.se\/no\/wp-json\/wp\/v2\/media?parent=7593"}],"wp:term":[{"taxonomy":"product_brand","embeddable":true,"href":"https:\/\/crockpot.se\/no\/wp-json\/wp\/v2\/product_brand?post=7593"},{"taxonomy":"product_cat","embeddable":true,"href":"https:\/\/crockpot.se\/no\/wp-json\/wp\/v2\/product_cat?post=7593"},{"taxonomy":"product_tag","embeddable":true,"href":"https:\/\/crockpot.se\/no\/wp-json\/wp\/v2\/product_tag?post=7593"}],"curies":[{"name":"wp","href":"https:\/\/api.w.org\/{rel}","templated":true}]}}